{"id":2,"date":"2016-05-10T03:48:21","date_gmt":"2016-05-10T03:48:21","guid":{"rendered":"http:\/\/temp.dr-petra-hartmann.de\/?page_id=2"},"modified":"2020-02-16T11:59:39","modified_gmt":"2020-02-16T11:59:39","slug":"sample-page","status":"publish","type":"page","link":"http:\/\/dr-petra-hartmann.de\/?page_id=2","title":{"rendered":"Impressum"},"content":{"rendered":"\n<p>Dr. med. Petra Hartmann<br>Groot Enn 4<br>21149 Hamburg<br>Tel.: 040-79145368<br>Fax: 040-76968854<br>E-Mail: <a href=\"mailto:info@dr-petra-hartmann.de\">info@dr-petra-hartmann.de<\/a><\/p>\n<p>Gesetzliche Berufsbezeichnung: Fach\u00e4rztin f\u00fcr Gyn\u00e4kologie und Geburtshilfe<br>\nStaat, der die Berufsbezeichnung verliehen hat: Bundesrepublik Deutschland<\/p>\n<hr>\n<p><b>Zust\u00e4ndige \u00c4rztekammer:<\/b><br>\n\u00c4rztekammer Hamburg<br>\nWeidestra\u00dfe 122b<br>\n22083 Hamburg<br>\nTel.: 040-202299-0<br>\nFax: 040-202299-400<br>\nE-Mail: post@aekhh.de<br>\n<a href=\"http:\/\/www.aerztekammer-hamburg.de\" target=\"_blank\" rel=\"noopener noreferrer\">http:\/\/www.aerztekammer-hamburg.de<\/a><\/p>\n<hr>\n<p><b>Berufsrechtliche Regelung:<\/b><br>\nBerufsordnung: <a href=\"https:\/\/www.aerztekammer-hamburg.org\/rechtsvorschriften.html\" target=\"_blank\" rel=\"noopener noreferrer\">https:\/\/www.aerztekammer-hamburg.org\/rechtsvorschriften.html<\/a><br>\nsowie <br>\nHamburgisches Kammergesetz f\u00fcr die Heilberufe: <br>\n<a href=\"https:\/\/www.aerztekammer-hamburg.org\/rechtsvorschriften.html\" target=\"_blank\" rel=\"noopener noreferrer\">https:\/\/www.aerztekammer-hamburg.org\/rechtsvorschriften.html<\/a>\n<\/p>\n\n<hr>\n<p>Inhaltlich verantwortlich f\u00fcr redaktionelle Inhalte der Webseite gem\u00e4\u00df \u00a7 6 MDStV ist Dr. med. Petra Hartmann, Groot Enn 4, 21149 Hamburg.<\/p>\n<p>Diese Webseite enth\u00e4lt Links zu externen Webseiten Dritter, auf deren Inhalte ich keinen Einfluss habe. F\u00fcr diese fremden Inhalte kann ich keine Gew\u00e4hr \u00fcbernehmen. F\u00fcr die Inhalte der verlinkten Seiten ist stets der jeweilige Anbieter oder Betreiber der Seiten verantwortlich. Zum Zeitpunkt der Verlinkung waren rechtswidrige Inhalte nicht erkennbar. Bei Bekanntwerden von Rechtsverletzungen werde ich derartige Links umgehend entfernen.<\/p>\n","protected":false},"excerpt":{"rendered":"<p>Dr. med. Petra HartmannGroot Enn 421149 HamburgTel.: 040-79145368Fax: 040-76968854E-Mail: info@dr-petra-hartmann.de Gesetzliche Berufsbezeichnung: Fach\u00e4rztin f\u00fcr Gyn\u00e4kologie und Geburtshilfe Staat, der die Berufsbezeichnung verliehen hat: Bundesrepublik Deutschland Zust\u00e4ndige \u00c4rztekammer: \u00c4rztekammer Hamburg Weidestra\u00dfe 122b 22083 Hamburg Tel.: 040-202299-0 Fax: 040-202299-400 E-Mail: post@aekhh.de http:\/\/www.aerztekammer-hamburg.de Berufsrechtliche Regelung: Berufsordnung: https:\/\/www.aerztekammer-hamburg.org\/rechtsvorschriften.html sowie Hamburgisches Kammergesetz f\u00fcr die Heilberufe: https:\/\/www.aerztekammer-hamburg.org\/rechtsvorschriften.html Inhaltlich verantwortlich f\u00fcr redaktionelle &hellip; <\/p>\n<p class=\"link-more\"><a href=\"http:\/\/dr-petra-hartmann.de\/?page_id=2\" class=\"more-link\"><span class=\"screen-reader-text\">\u201eImpressum\u201c<\/span> weiterlesen<\/a><\/p>\n","protected":false},"author":1,"featured_media":0,"parent":0,"menu_order":0,"comment_status":"closed","ping_status":"open","template":"","meta":{"footnotes":""},"_links":{"self":[{"href":"http:\/\/dr-petra-hartmann.de\/index.php?rest_route=\/wp\/v2\/pages\/2"}],"collection":[{"href":"http:\/\/dr-petra-hartmann.de\/index.php?rest_route=\/wp\/v2\/pages"}],"about":[{"href":"http:\/\/dr-petra-hartmann.de\/index.php?rest_route=\/wp\/v2\/types\/page"}],"author":[{"embeddable":true,"href":"http:\/\/dr-petra-hartmann.de\/index.php?rest_route=\/wp\/v2\/users\/1"}],"replies":[{"embeddable":true,"href":"http:\/\/dr-petra-hartmann.de\/index.php?rest_route=%2Fwp%2Fv2%2Fcomments&post=2"}],"version-history":[{"count":20,"href":"http:\/\/dr-petra-hartmann.de\/index.php?rest_route=\/wp\/v2\/pages\/2\/revisions"}],"predecessor-version":[{"id":168,"href":"http:\/\/dr-petra-hartmann.de\/index.php?rest_route=\/wp\/v2\/pages\/2\/revisions\/168"}],"wp:attachment":[{"href":"http:\/\/dr-petra-hartmann.de\/index.php?rest_route=%2Fwp%2Fv2%2Fmedia&parent=2"}],"curies":[{"name":"wp","href":"https:\/\/api.w.org\/{rel}","templated":true}]}}