{"id":26,"date":"2019-06-11T07:44:39","date_gmt":"2019-06-11T07:44:39","guid":{"rendered":"http:\/\/temp.dr-petra-hartmann.de\/?page_id=26"},"modified":"2020-02-16T12:11:48","modified_gmt":"2020-02-16T12:11:48","slug":"herzlich-willkommen","status":"publish","type":"page","link":"http:\/\/dr-petra-hartmann.de\/","title":{"rendered":"Herzlich Willkommen"},"content":{"rendered":"\n<div class=\"wp-block-image is-style-circle-mask\"><figure class=\"aligncenter is-resized\"><img loading=\"lazy\" decoding=\"async\" src=\"http:\/\/52884572.de.strato-hosting.eu\/wordpress\/wp-content\/uploads\/2011\/08\/DSC_0023-225x300.jpg\" alt=\"\" width=\"246\" height=\"329\"\/><\/figure><\/div>\n\n\n\n<h2 class=\"wp-block-heading\">Liebe Patientin, lieber Patient,<\/h2>\n\n\n\n<p>die Akupunktur hat sich in den letzten Jahren zu einer weitverbreiteten und anerkannten Therapieform entwickelt. In meiner Praxis im Zentrum von Hamburg-Neugraben f\u00fchre ich <strong>seit 2006 Akupunkturbehandlungen<\/strong> durch.<\/p>\n\n\n\n<p>Bereits w\u00e4hrend meiner fach\u00e4rztlichen T\u00e4tigkeit als Frauen\u00e4rztin lag der Schwerpunkt meines Interesses in der Beratung der Patientinnen bei verschiedensten Problemen. Besonders wichtig ist mir die <strong>ganzheitliche Betrachtung der gesundheitlichen Situation<\/strong> meiner Patientinnen und Patienten.<\/p>\n\n\n\n<p>Durch meine Ausbildung in der  Traditionell Chinesischen Medizin (TCM) und die Niederlassung in meiner Privatpraxis konnte ich diesen Interessenschwerpunkt zum Mittelpunkt meiner T\u00e4tigkeit machen:<\/p>\n\n\n\n<ul><li>Ich verfolge das Konzept der <strong>integrativen Medizin<\/strong>, die auf der gegenseitigen Erg\u00e4nzung von Schulmedizin und Naturheilverfahren beruht. <\/li><li>Besonderen Wert lege ich daher auf eine <strong>fundierte schulmedizinische Diagnostik und umfangreiche Beratung<\/strong>. An diese kn\u00fcpft eine individuell auf jede Patientin und jeden Patienten abgestimmte Therapie aus dem jeweiligen Bereich der TCM an. <\/li><li>Bei der Terminvergabe ber\u00fccksichtige ich die <strong>individuellen Bed\u00fcrfnisse<\/strong> der Patienten. <\/li><\/ul>\n","protected":false},"excerpt":{"rendered":"<p>Liebe Patientin, lieber Patient, die Akupunktur hat sich in den letzten Jahren zu einer weitverbreiteten und anerkannten Therapieform entwickelt. In meiner Praxis im Zentrum von Hamburg-Neugraben f\u00fchre ich seit 2006 Akupunkturbehandlungen durch. Bereits w\u00e4hrend meiner fach\u00e4rztlichen T\u00e4tigkeit als Frauen\u00e4rztin lag der Schwerpunkt meines Interesses in der Beratung der Patientinnen bei verschiedensten Problemen. Besonders wichtig ist &hellip; <\/p>\n<p class=\"link-more\"><a href=\"http:\/\/dr-petra-hartmann.de\/\" class=\"more-link\"><span class=\"screen-reader-text\">\u201eHerzlich Willkommen\u201c<\/span> weiterlesen<\/a><\/p>\n","protected":false},"author":1,"featured_media":0,"parent":0,"menu_order":0,"comment_status":"closed","ping_status":"closed","template":"","meta":{"footnotes":""},"_links":{"self":[{"href":"http:\/\/dr-petra-hartmann.de\/index.php?rest_route=\/wp\/v2\/pages\/26"}],"collection":[{"href":"http:\/\/dr-petra-hartmann.de\/index.php?rest_route=\/wp\/v2\/pages"}],"about":[{"href":"http:\/\/dr-petra-hartmann.de\/index.php?rest_route=\/wp\/v2\/types\/page"}],"author":[{"embeddable":true,"href":"http:\/\/dr-petra-hartmann.de\/index.php?rest_route=\/wp\/v2\/users\/1"}],"replies":[{"embeddable":true,"href":"http:\/\/dr-petra-hartmann.de\/index.php?rest_route=%2Fwp%2Fv2%2Fcomments&post=26"}],"version-history":[{"count":18,"href":"http:\/\/dr-petra-hartmann.de\/index.php?rest_route=\/wp\/v2\/pages\/26\/revisions"}],"predecessor-version":[{"id":169,"href":"http:\/\/dr-petra-hartmann.de\/index.php?rest_route=\/wp\/v2\/pages\/26\/revisions\/169"}],"wp:attachment":[{"href":"http:\/\/dr-petra-hartmann.de\/index.php?rest_route=%2Fwp%2Fv2%2Fmedia&parent=26"}],"curies":[{"name":"wp","href":"https:\/\/api.w.org\/{rel}","templated":true}]}}