{"id":37,"date":"2019-06-11T07:49:08","date_gmt":"2019-06-11T07:49:08","guid":{"rendered":"http:\/\/temp.dr-petra-hartmann.de\/?page_id=37"},"modified":"2020-02-16T12:37:43","modified_gmt":"2020-02-16T12:37:43","slug":"leistungsspektrum","status":"publish","type":"page","link":"http:\/\/dr-petra-hartmann.de\/?page_id=37","title":{"rendered":"Leistungsspektrum"},"content":{"rendered":"\n<h2 class=\"wp-block-heading\">Akupunktur<\/h2>\n\n\n\n<p>Mit dem Ausbildungsgrad <em>Meister der Akupunktur<\/em> der Deutschen \u00c4rztegesellschaft f\u00fcr Akupunktur (D\u00c4GfA) kann ich in meiner Praxis alle wesentlichen traditionellen und modernen Akupunkturformen und -techniken anwenden. Dies sind zum Beispiel:<\/p>\n\n\n\n<ul><li>K\u00f6rperakupunktur<\/li><li>Mikrosystemakupunktur (z.B. Ohrakupunktur)<\/li><li>Triggerpunktakupunktur<\/li><\/ul>\n\n\n\n<p>Dabei kann mit verschiedenen Reizen gearbeitet werden, wie Nadeln, Laser (z.B. bei Nadelangst oder unter Therapie mit Antikoagulantien \/ Medikamenten zur Blutverd\u00fcnnung), Moxibustion (Erw\u00e4rmen von Akupunkturpunkten) sowie Akupressur (Arbeiten mit Fingerdruck).<\/p>\n\n\n\n<div class=\"wp-block-image is-style-circle-mask\"><figure class=\"aligncenter is-resized\"><img loading=\"lazy\" decoding=\"async\" src=\"http:\/\/52884572.de.strato-hosting.eu\/wordpress\/wp-content\/uploads\/2011\/08\/DSC_0113-300x200.jpg\" alt=\"\" class=\"wp-image-98\" width=\"211\" height=\"140\"\/><\/figure><\/div>\n\n\n\n<h2 class=\"wp-block-heading\">Weitere Angebote &amp; Fortbildungsschwerpunkte <\/h2>\n\n\n\n<ul><li>Psychosomatische Gespr\u00e4che, z.B. zur Analyse und Bearbeitung von Belastungsfaktoren<\/li><li>Moderne, nicht-medikament\u00f6se Schmerztherapie \u00fcber Tapes (besonders im Sportbereich bew\u00e4hrt)<\/li><li>Medikament\u00f6se Schmerztherapie<\/li><li>Begleitende Ern\u00e4hrungsberatung<\/li><li>Entspannungsverfahren, z.B. autogenes Training und progressive Muskelrelaxation nach Jacobson<\/li><li>Endokrinologische Diagnostik und Beratung<\/li><li>Grundversorgung von Patienten mit sexuellen St\u00f6rungen<\/li><li>Besprechung externer Befunde zum besseren Verst\u00e4ndnis<\/li><\/ul>\n\n\n\n<h2 class=\"wp-block-heading\">Kosten<\/h2>\n\n\n\n<p>Es handelt sich um eine Privatpraxis. Es besteht keine Kassenzulassung, Kassenpatienten sind dennoch herzlich willkommen. Die Abrechnung aller Leistungen, die in meiner Praxis erbracht werden, erfolgt nach der Geb\u00fchrenordnung f\u00fcr \u00c4rzte (GO\u00c4).  Das breitgef\u00e4cherte Gespr\u00e4chs- und Beratungsangebot wird entsprechend der erbrachten Zeitdauer nach GO\u00c4 abgerechnet. Informationen \u00fcber die G\u00d6A erhalten Sie im Rahmen des Erstkontaktes.<\/p>\n","protected":false},"excerpt":{"rendered":"<p>Akupunktur Mit dem Ausbildungsgrad Meister der Akupunktur der Deutschen \u00c4rztegesellschaft f\u00fcr Akupunktur (D\u00c4GfA) kann ich in meiner Praxis alle wesentlichen traditionellen und modernen Akupunkturformen und -techniken anwenden. Dies sind zum Beispiel: K\u00f6rperakupunktur Mikrosystemakupunktur (z.B. Ohrakupunktur) Triggerpunktakupunktur Dabei kann mit verschiedenen Reizen gearbeitet werden, wie Nadeln, Laser (z.B. bei Nadelangst oder unter Therapie mit Antikoagulantien \/ &hellip; <\/p>\n<p class=\"link-more\"><a href=\"http:\/\/dr-petra-hartmann.de\/?page_id=37\" class=\"more-link\"><span class=\"screen-reader-text\">\u201eLeistungsspektrum\u201c<\/span> weiterlesen<\/a><\/p>\n","protected":false},"author":1,"featured_media":0,"parent":0,"menu_order":0,"comment_status":"closed","ping_status":"closed","template":"","meta":{"footnotes":""},"_links":{"self":[{"href":"http:\/\/dr-petra-hartmann.de\/index.php?rest_route=\/wp\/v2\/pages\/37"}],"collection":[{"href":"http:\/\/dr-petra-hartmann.de\/index.php?rest_route=\/wp\/v2\/pages"}],"about":[{"href":"http:\/\/dr-petra-hartmann.de\/index.php?rest_route=\/wp\/v2\/types\/page"}],"author":[{"embeddable":true,"href":"http:\/\/dr-petra-hartmann.de\/index.php?rest_route=\/wp\/v2\/users\/1"}],"replies":[{"embeddable":true,"href":"http:\/\/dr-petra-hartmann.de\/index.php?rest_route=%2Fwp%2Fv2%2Fcomments&post=37"}],"version-history":[{"count":19,"href":"http:\/\/dr-petra-hartmann.de\/index.php?rest_route=\/wp\/v2\/pages\/37\/revisions"}],"predecessor-version":[{"id":189,"href":"http:\/\/dr-petra-hartmann.de\/index.php?rest_route=\/wp\/v2\/pages\/37\/revisions\/189"}],"wp:attachment":[{"href":"http:\/\/dr-petra-hartmann.de\/index.php?rest_route=%2Fwp%2Fv2%2Fmedia&parent=37"}],"curies":[{"name":"wp","href":"https:\/\/api.w.org\/{rel}","templated":true}]}}