{"id":40,"date":"2019-06-11T07:49:35","date_gmt":"2019-06-11T07:49:35","guid":{"rendered":"http:\/\/temp.dr-petra-hartmann.de\/?page_id=40"},"modified":"2020-02-16T10:44:59","modified_gmt":"2020-02-16T10:44:59","slug":"kontakt-anfahrt","status":"publish","type":"page","link":"http:\/\/dr-petra-hartmann.de\/?page_id=40","title":{"rendered":"Anfahrt"},"content":{"rendered":"\n<p>Privatpraxis f\u00fcr Akupunktur<br> Dr. med. Petra Hartmann <br> Groot Enn 4<br> 21149 Hamburg <\/p>\n\n\n\n<p>Die Praxis liegt in der <strong>Fu\u00dfg\u00e4ngerzone (Groot Enn)<\/strong>.<\/p>\n\n\n\n<p><span style=\"text-decoration: underline;\">Mit dem Auto:<\/span> <br>\nB73, Zufahrt zum Parkplatz des <b>Gesch\u00e4ftshauses Groot Enn 4<\/b> \u00fcber Cuxhavener Stra\u00dfe 333.<\/p>\n\n\n\n<p><span style=\"text-decoration: underline;\">Mit Bus oder S-Bahn (Linien S3 und S31):<\/span><br>\n<b>S-Bahnhof Neugraben<\/b>, ca. 200m Fu\u00dfweg zur Praxis. <\/p>\n","protected":false},"excerpt":{"rendered":"<p>Privatpraxis f\u00fcr Akupunktur Dr. med. Petra Hartmann Groot Enn 4 21149 Hamburg Die Praxis liegt in der Fu\u00dfg\u00e4ngerzone (Groot Enn). Mit dem Auto: B73, Zufahrt zum Parkplatz des Gesch\u00e4ftshauses Groot Enn 4 \u00fcber Cuxhavener Stra\u00dfe 333. Mit Bus oder S-Bahn (Linien S3 und S31): S-Bahnhof Neugraben, ca. 200m Fu\u00dfweg zur Praxis.<\/p>\n","protected":false},"author":1,"featured_media":0,"parent":0,"menu_order":0,"comment_status":"closed","ping_status":"closed","template":"","meta":{"footnotes":""},"_links":{"self":[{"href":"http:\/\/dr-petra-hartmann.de\/index.php?rest_route=\/wp\/v2\/pages\/40"}],"collection":[{"href":"http:\/\/dr-petra-hartmann.de\/index.php?rest_route=\/wp\/v2\/pages"}],"about":[{"href":"http:\/\/dr-petra-hartmann.de\/index.php?rest_route=\/wp\/v2\/types\/page"}],"author":[{"embeddable":true,"href":"http:\/\/dr-petra-hartmann.de\/index.php?rest_route=\/wp\/v2\/users\/1"}],"replies":[{"embeddable":true,"href":"http:\/\/dr-petra-hartmann.de\/index.php?rest_route=%2Fwp%2Fv2%2Fcomments&post=40"}],"version-history":[{"count":14,"href":"http:\/\/dr-petra-hartmann.de\/index.php?rest_route=\/wp\/v2\/pages\/40\/revisions"}],"predecessor-version":[{"id":150,"href":"http:\/\/dr-petra-hartmann.de\/index.php?rest_route=\/wp\/v2\/pages\/40\/revisions\/150"}],"wp:attachment":[{"href":"http:\/\/dr-petra-hartmann.de\/index.php?rest_route=%2Fwp%2Fv2%2Fmedia&parent=40"}],"curies":[{"name":"wp","href":"https:\/\/api.w.org\/{rel}","templated":true}]}}