{"id":49,"date":"2019-06-11T07:51:55","date_gmt":"2019-06-11T07:51:55","guid":{"rendered":"http:\/\/temp.dr-petra-hartmann.de\/?page_id=49"},"modified":"2020-02-16T11:03:16","modified_gmt":"2020-02-16T11:03:16","slug":"ausbildung","status":"publish","type":"page","link":"http:\/\/dr-petra-hartmann.de\/?page_id=49","title":{"rendered":"Ausbildung"},"content":{"rendered":"\n<h2 class=\"wp-block-heading\">Medizinischer Werdegang<\/h2>\n\n\n\n<ul><li>2006: Gr\u00fcndung der Privatpraxis f\u00fcr Akupunktur am Groot Enn 4 in Hamburg-Neugraben<\/li><li>1994-2007: Fach\u00e4rztliche T\u00e4tigkeit in gyn\u00e4kologischen Praxen, parallel Akupunktur- und TCM-Ausbildung<\/li><li>1994: Fach\u00e4rztin f\u00fcr Gyn\u00e4kologie und Geburtshilfe<\/li><li>1987: Promotion an der Medizinischen Hochschule L\u00fcbeck<\/li><li>1977-1984: Medizinstudium in Bochum, Hamburg und L\u00fcbeck<\/li><\/ul>\n\n\n\n<h2 class=\"wp-block-heading\">Akupunktur &amp; TCM<\/h2>\n\n\n\n<ul><li>2011: <em>Meister der Akupunktur<\/em> D\u00c4GfA<\/li><li>2007: Ausbildung zur Moderatorin f\u00fcr \u00e4rztliche Qualit\u00e4tszirkel D\u00c4GfA<\/li><li>2006: Zusatzbezeichnung <em>Akupunktur<\/em> der \u00c4rztekammer Hamburg<\/li><li>2005: B-Diplom D\u00c4GfA<\/li><li>2004: A-Diplom D\u00c4GfA<\/li><\/ul>\n\n\n\n<div class=\"wp-block-image is-style-circle-mask\"><figure class=\"aligncenter is-resized\"><img loading=\"lazy\" decoding=\"async\" src=\"http:\/\/52884572.de.strato-hosting.eu\/wordpress\/wp-content\/uploads\/2011\/08\/DSC_00271-300x200.jpg\" alt=\"\" class=\"wp-image-137\" width=\"206\" height=\"137\"\/><\/figure><\/div>\n\n\n\n<h2 class=\"wp-block-heading\">Mitgliedschaften<\/h2>\n\n\n\n<ul><li>D\u00c4GfA (<a href=\"http:\/\/www.daegfa.de\" target=\"_blank\" rel=\"noopener noreferrer\">www.daegfa.de<\/a>)<\/li><li>Berufsverband der Frauen\u00e4rzte (<a href=\"http:\/\/www.bvf.de\" target=\"_blank\" rel=\"noopener noreferrer\">www.bvf.de<\/a>)<\/li><li>Deutsche Borreliose-Gesellschaft (<a href=\"http:\/\/www.borreliose-gesellschaft.de\" target=\"_blank\" rel=\"noopener noreferrer\">www.borreliose-gesellschaft.de<\/a>)<\/li><\/ul>\n","protected":false},"excerpt":{"rendered":"<p>Medizinischer Werdegang 2006: Gr\u00fcndung der Privatpraxis f\u00fcr Akupunktur am Groot Enn 4 in Hamburg-Neugraben 1994-2007: Fach\u00e4rztliche T\u00e4tigkeit in gyn\u00e4kologischen Praxen, parallel Akupunktur- und TCM-Ausbildung 1994: Fach\u00e4rztin f\u00fcr Gyn\u00e4kologie und Geburtshilfe 1987: Promotion an der Medizinischen Hochschule L\u00fcbeck 1977-1984: Medizinstudium in Bochum, Hamburg und L\u00fcbeck Akupunktur &amp; TCM 2011: Meister der Akupunktur D\u00c4GfA 2007: Ausbildung zur &hellip; <\/p>\n<p class=\"link-more\"><a href=\"http:\/\/dr-petra-hartmann.de\/?page_id=49\" class=\"more-link\"><span class=\"screen-reader-text\">\u201eAusbildung\u201c<\/span> weiterlesen<\/a><\/p>\n","protected":false},"author":1,"featured_media":0,"parent":0,"menu_order":0,"comment_status":"closed","ping_status":"closed","template":"","meta":{"footnotes":""},"_links":{"self":[{"href":"http:\/\/dr-petra-hartmann.de\/index.php?rest_route=\/wp\/v2\/pages\/49"}],"collection":[{"href":"http:\/\/dr-petra-hartmann.de\/index.php?rest_route=\/wp\/v2\/pages"}],"about":[{"href":"http:\/\/dr-petra-hartmann.de\/index.php?rest_route=\/wp\/v2\/types\/page"}],"author":[{"embeddable":true,"href":"http:\/\/dr-petra-hartmann.de\/index.php?rest_route=\/wp\/v2\/users\/1"}],"replies":[{"embeddable":true,"href":"http:\/\/dr-petra-hartmann.de\/index.php?rest_route=%2Fwp%2Fv2%2Fcomments&post=49"}],"version-history":[{"count":22,"href":"http:\/\/dr-petra-hartmann.de\/index.php?rest_route=\/wp\/v2\/pages\/49\/revisions"}],"predecessor-version":[{"id":164,"href":"http:\/\/dr-petra-hartmann.de\/index.php?rest_route=\/wp\/v2\/pages\/49\/revisions\/164"}],"wp:attachment":[{"href":"http:\/\/dr-petra-hartmann.de\/index.php?rest_route=%2Fwp%2Fv2%2Fmedia&parent=49"}],"curies":[{"name":"wp","href":"https:\/\/api.w.org\/{rel}","templated":true}]}}