{"id":6,"date":"2019-06-11T07:20:36","date_gmt":"2019-06-11T07:20:36","guid":{"rendered":"http:\/\/temp.dr-petra-hartmann.de\/?page_id=6"},"modified":"2020-02-16T10:31:10","modified_gmt":"2020-02-16T10:31:10","slug":"test","status":"publish","type":"page","link":"http:\/\/dr-petra-hartmann.de\/?page_id=6","title":{"rendered":"Was ist Akupunktur?"},"content":{"rendered":"\n<p>Die Traditionell Chinesische Medizin (TCM) geht von einer ganzheitlichen Betrachtung des Menschen aus. Ein Teilbereich ist die Akupunktur. Die heilende Wirkung der Akupunktur kommt u.a. durch die vermehrte Aussch\u00fcttung k\u00f6rpereigener Substanzen zustande (wie z.B. Serotonin und Endorphine). Sie wirkt schmerzlindernd, stimmungsaufhellend, abschwellend, die Abwehr anregend, psychisch ausgleichend und entspannend. <\/p>\n\n\n\n<h2 class=\"wp-block-heading\">Wann kann Akupunktur helfen? (Indikationen) <\/h2>\n\n\n\n<p><strong>Akute und chronische Schmerzzust\u00e4nde<\/strong> (R\u00fcckenschmerzen wie z.B. bei Hexenschuss und Bandscheibenvorfall, Gelenkschmerzen, Menstruationsschmerzen, Kopfschmerzen wie z.B. bei Migr\u00e4ne und Spannungskopfschmerz)<\/p>\n\n\n\n<p><strong>Erkrankungen des Bewegungssystems <\/strong>(Arthrose, Karpaltunnel-, Schulter- und Achillessehnenbeschwerden, Schmerzen der Wirbels\u00e4ule, Tennis- oder Golferellenbogen, rheumatische Erkrankungen) <\/p>\n\n\n\n<p><strong>Allergische Erkrankungen <\/strong>(Heuschnupfen, Asthma bronchiale, Sonnenallergie) <\/p>\n\n\n\n<p><strong>Vegetative St\u00f6rungen <\/strong>(chronisches Ersch\u00f6pfungssyndrom, Schlafst\u00f6rungen, innere Unruhe, funktionelle Herzbeschwerden, Stresserkrankungen, bei psychischen Erkrankungen, z.B. bei Depressionen oder \u00c4ngsten, als begleitende Behandlung)<\/p>\n\n\n\n<p><strong>Suchtkrankheiten <\/strong>(Nikotin- oder Schlafmittelabh\u00e4ngigkeit)<\/p>\n\n\n\n<p><strong>Gyn\u00e4kologie \/ Geburtshilfe <\/strong>(Hormonst\u00f6rungen, Unterbauchbeschwerden, Beschwerden w\u00e4hrend der Wechseljahre, Schwangerschaftserbrechen, Geburtsvorbereitung) <\/p>\n\n\n\n<p><strong>Sonstige Indikationen <\/strong>(funktionelle Magen-Darm-St\u00f6rungen, Tinnitus, chronische Nasennebenh\u00f6hlenentz\u00fcndungen, Augen- und Hauterkrankungen, Begleitung bei Tumorerkrankungen (z.B. Linderung der \u00dcbelkeit unter Chemotherapie, chronic fatigue syndrom) sowie bei neurologischen Erkrankungen <\/p>\n\n\n\n<p>Weitere Indikationen finden Sie auf der Internetseite: <a href=\"https:\/\/www.daegfa.de\/PatientenPortal\/Home.aspx\">www.daegfa.de<\/a><\/p>\n\n\n\n<p>Auch die Weltgesundheitsorganisation (WHO) r\u00e4umt der Akupunktur und den weiteren Teilbereichen der TCM einen wichtigen Platz unter den traditionellen Heilverfahren ein.<\/p>\n","protected":false},"excerpt":{"rendered":"<p>Die Traditionell Chinesische Medizin (TCM) geht von einer ganzheitlichen Betrachtung des Menschen aus. Ein Teilbereich ist die Akupunktur. Die heilende Wirkung der Akupunktur kommt u.a. durch die vermehrte Aussch\u00fcttung k\u00f6rpereigener Substanzen zustande (wie z.B. Serotonin und Endorphine). Sie wirkt schmerzlindernd, stimmungsaufhellend, abschwellend, die Abwehr anregend, psychisch ausgleichend und entspannend. Wann kann Akupunktur helfen? (Indikationen) Akute &hellip; <\/p>\n<p class=\"link-more\"><a href=\"http:\/\/dr-petra-hartmann.de\/?page_id=6\" class=\"more-link\"><span class=\"screen-reader-text\">\u201eWas ist Akupunktur?\u201c<\/span> weiterlesen<\/a><\/p>\n","protected":false},"author":1,"featured_media":0,"parent":0,"menu_order":0,"comment_status":"closed","ping_status":"closed","template":"","meta":{"footnotes":""},"_links":{"self":[{"href":"http:\/\/dr-petra-hartmann.de\/index.php?rest_route=\/wp\/v2\/pages\/6"}],"collection":[{"href":"http:\/\/dr-petra-hartmann.de\/index.php?rest_route=\/wp\/v2\/pages"}],"about":[{"href":"http:\/\/dr-petra-hartmann.de\/index.php?rest_route=\/wp\/v2\/types\/page"}],"author":[{"embeddable":true,"href":"http:\/\/dr-petra-hartmann.de\/index.php?rest_route=\/wp\/v2\/users\/1"}],"replies":[{"embeddable":true,"href":"http:\/\/dr-petra-hartmann.de\/index.php?rest_route=%2Fwp%2Fv2%2Fcomments&post=6"}],"version-history":[{"count":15,"href":"http:\/\/dr-petra-hartmann.de\/index.php?rest_route=\/wp\/v2\/pages\/6\/revisions"}],"predecessor-version":[{"id":132,"href":"http:\/\/dr-petra-hartmann.de\/index.php?rest_route=\/wp\/v2\/pages\/6\/revisions\/132"}],"wp:attachment":[{"href":"http:\/\/dr-petra-hartmann.de\/index.php?rest_route=%2Fwp%2Fv2%2Fmedia&parent=6"}],"curies":[{"name":"wp","href":"https:\/\/api.w.org\/{rel}","templated":true}]}}